{"id":10110,"date":"2022-05-18T11:40:51","date_gmt":"2022-05-18T09:40:51","guid":{"rendered":"https:\/\/www.ilc.cnr.it\/doctoral-theses\/"},"modified":"2024-04-11T15:16:50","modified_gmt":"2024-04-11T13:16:50","slug":"doctoral-theses","status":"publish","type":"page","link":"https:\/\/www.ilc.cnr.it\/en\/training\/doctoral-theses\/","title":{"rendered":"DOCTORAL THESES"},"content":{"rendered":"\n<div class=\"wp-block-columns is-layout-flex wp-container-core-columns-layout-1 wp-block-columns-is-layout-flex\">\n<div class=\"wp-block-column is-layout-flow wp-block-column-is-layout-flow\" style=\"flex-basis:66.66%\">\n<p>The researchers of the <strong>Cnr-Istituto di Linguistica Computazionale &#8220;Antonio Zampolli&#8221;<\/strong> supervise and\/or co-supervise Doctoral Theses.<\/p>\n\n\n\n<h1 class=\"wp-block-heading\">Ongoing <\/h1>\n\n\n\n<ul>\n<li>Alessandro Lento<br><strong>Modelli neuro-computazionali dello sviluppo delle abilit\u00e0 di lettura<\/strong><br>Artificial Intelligence PhD Programme AI.it (Health and Life Sciences), Campus Bio-Medico University of Rome<br> <\/li>\n<\/ul>\n\n\n\n<h1 class=\"wp-block-heading\">Completed <\/h1>\n\n\n\n<h2 class=\"wp-block-heading\">2024<\/h2>\n\n\n\n<ul>\n<li>Benedetta Iavarone<br><strong>Understanding emotive response to textual stimuli: a multimodal approach<\/strong><br>PhD Programme in Data Science, Scuola Normale Superiore of Pisa<\/li>\n<\/ul>\n\n\n\n<h2 class=\"wp-block-heading\">2023<\/h2>\n\n\n\n<ul>\n<li>Giovanni Puccetti<br><strong>Transformer Models: from model inspection to applications in technical documentation<\/strong><br>PhD Programme in Data Science, Scuola Normale Superiore of Pisa<\/li>\n<\/ul>\n\n\n\n<p><\/p>\n\n\n\n<ul>\n<li>Luca Bacco<br><a href=\"https:\/\/www.iris.unicampus.it\/handle\/20.500.12610\/71663\" target=\"_blank\" rel=\"noreferrer noopener\"><strong>Exploring New Technologies in Healthcare: Advancing Natural Language Processing<\/strong><\/a><br>CNR Industrial PhD Programme in Science and Engineering for Humans and the Environment, Campus Bio-Medico University of Rome<\/li>\n<\/ul>\n\n\n\n<h2 class=\"wp-block-heading\">2022<\/h2>\n\n\n\n<ul>\n<li>Alessio Miaschi<br><a href=\"https:\/\/etd.adm.unipi.it\/theses\/available\/etd-05062022-162420\/\" target=\"_blank\" rel=\"noreferrer noopener\"><strong>Tracking Linguistic Abilities in Neural Language Models<\/strong>.<\/a><br>PhD programme in Computer Science, University of Pisa<\/li>\n<\/ul>\n\n\n\n<ul>\n<li>Zaida Bartolom\u00e9 D\u00edaz<br><strong>La r\u00e9volution lexicographique, du papier aux donn\u00e9es interop\u00e9rables: proposition d\u2019un prototype d&#8217;une ressource lexicographique bilingue fran\u00e7ais-espagnol sp\u00e9cialis\u00e9e en architecture.<\/strong><br>University of Las Palmas de Gran Canaria &amp; Paul-Val\u00e9ry University, Montpellier III, PhD Programme in Linguistic and Literary Studies in their Sociocultural Contexts<\/li>\n<\/ul>\n\n\n\n<h2 class=\"wp-block-heading\">2021<\/h2>\n\n\n\n<ul>\n<li>Lorenzo De Mattei<br><strong><a href=\"https:\/\/etd.adm.unipi.it\/theses\/available\/etd-06302021-202747\/\" target=\"_blank\" rel=\"noreferrer noopener\">Data and Models for Understanding and Generating Stylistic Variation in Language.<\/a><\/strong><br>PhD programme in Computer Science, University of Pisa<\/li>\n<\/ul>\n\n\n\n<p><\/p>\n\n\n\n<ul>\n<li>Chiara Alzetta<br><a href=\"https:\/\/iris.unige.it\/handle\/11567\/1050378\" target=\"_blank\" rel=\"noreferrer noopener\"><strong>From Texts to Prerequisites \u2013 Identifying and Annotating Propaedeutic Relations in Educational Textual Resources<\/strong>.<\/a><br>PhD programme in Digital Humanities, University of Genova<\/li>\n<\/ul>\n\n\n\n<p><\/p>\n\n\n\n<h2 class=\"wp-block-heading\">2018<\/h2>\n\n\n\n<ul>\n<li>Ouafae Nahli<br><strong>Vers une ontologie de la culture arabo-musulmane<\/strong>.<br>Universit\u00e0 di Roma &#8220;La Sapienza&#8221;, Dottorato di Ricerca in Civilt\u00e0 dell\u2019Asia e dell\u2019Africa<\/li>\n<\/ul>\n\n\n\n<p><\/p>\n\n\n\n<ul>\n<li>Mustafa Khalfi<br><strong>Acquisition du lexique medioevale arabe Al-qamuws al-muhiyt en Lemon.<\/strong><br>University of Sidi Mohamed Ben Abdellah (Morocco), Computer Science Department <\/li>\n<\/ul>\n\n\n\n<h2 class=\"wp-block-heading\">2017<\/h2>\n\n\n\n<ul>\n<li>Andrea Cimino<br><a href=\"https:\/\/etd.adm.unipi.it\/theses\/available\/etd-01122017-160211\/unrestricted\/tesi.pdf\" target=\"_blank\" rel=\"noreferrer noopener\"><strong>Information Extraction Systems for Patent Analysis<\/strong><\/a>.<br>PhD programme in Information Engineering, University of Pisa<\/li>\n<\/ul>\n\n\n\n<p><\/p>\n\n\n\n<h2 class=\"wp-block-heading\">2016<\/h2>\n\n\n\n<ul>\n<li>Roberta Lucentini<br><strong>La catalogazione del patrimonio storico artistico quale strumento di tutela dei beni culturali. Due casi studio relativi alla grafica per la produzione tessile e il teatro: la Manifattura Italiana Tessuti Artistici (M.I.T.A.) e il Museo Luzzati<\/strong>.<br>University of Genoa, PhD programme in New technologies for Human and Social Sciences<\/li>\n<\/ul>\n\n\n\n<p><\/p>\n\n\n\n<h2 class=\"wp-block-heading\">  2015<\/h2>\n\n\n\n<ul>\n<li>Dominique Brunato<br><strong><a href=\"http:\/\/www.italianlp.it\/wp-content\/uploads\/2015\/09\/PhD_Thesis_Dominique_Brunato.pdf\" target=\"_blank\" rel=\"noreferrer noopener\">A study on Linguistic Complexity from a Computational Linguistics Perspective. A Corpus-based Investigation of Italian Bureaucratic Texts.<\/a> <\/strong><br>University of Siena, PhD programme in  Cognitive and Neurological Sciences<\/li>\n<\/ul>\n\n\n\n<p><\/p>\n\n\n\n<ul>\n<li>Giulia Benotto<br><strong><a href=\"https:\/\/etd.adm.unipi.it\/theses\/available\/etd-04302015-171419\/\" target=\"_blank\" rel=\"noreferrer noopener\">Distributional Models for Semantic Relations: A Study on Hyponymy and Antonymy<\/a>.<\/strong> <br>University of Pisa, PhD programme in Philology, Literature and Linguistics<\/li>\n<\/ul>\n\n\n\n<p><\/p>\n\n\n\n<ul>\n<li>Irene De Felice<br><strong><a href=\"https:\/\/etd.adm.unipi.it\/theses\/available\/etd-05052015-152938\/\" target=\"_blank\" rel=\"noreferrer noopener\">Language and Affordances<\/a><\/strong>. <br>University of Pisa, PhD programme in Philology, Literature and Linguistics<\/li>\n<\/ul>\n\n\n\n<p><\/p>\n\n\n\n<ul>\n<li>Angelo Mario Del Grosso<br><a href=\"https:\/\/etd.adm.unipi.it\/theses\/available\/etd-04272015-164559\/\" target=\"_blank\" rel=\"noreferrer noopener\"><strong>Designing a Library of Components for Textual Scholarship<\/strong>.<\/a><br>University of Pisa, PhD programme in Information Engineering<\/li>\n<\/ul>\n<\/div>\n\n\n\n<div class=\"wp-block-column is-layout-flow wp-block-column-is-layout-flow\" style=\"flex-basis:33.33%\">\n<div class=\"wp-block-group is-layout-constrained wp-block-group-is-layout-constrained\"><div class=\"wp-block-group__inner-container\">\n<h4 class=\"mt-0 wp-block-heading\">Menu<\/h4>\n\n\n\n<ul>\n<li><a href=\"https:\/\/www.ilc.cnr.it\/en\/training\/doctoral-theses\/\">Doctoral Theses<\/a><\/li>\n\n\n\n<li><a href=\"https:\/\/www.ilc.cnr.it\/en\/training\/masters-theses\/\">Master\u2019s Theses<\/a><\/li>\n\n\n\n<li><a href=\"https:\/\/www.ilc.cnr.it\/en\/training\/bachelors-theses\/\">Bachelor\u2019s Theses<\/a><\/li>\n\n\n\n<li><a href=\"https:\/\/www.ilc.cnr.it\/en\/training\/courses\/\">Courses<\/a><\/li>\n<\/ul>\n<\/div><\/div>\n<\/div>\n<\/div>\n","protected":false},"excerpt":{"rendered":"<p>The researchers of the Cnr-Istituto di Linguistica Computazionale &#8220;Antonio Zampolli&#8221; supervise and\/or co-supervise Doctoral Theses. Ongoing Completed 2024 2023 2022&hellip;<\/p>\n","protected":false},"author":3,"featured_media":10429,"parent":10370,"menu_order":1,"comment_status":"closed","ping_status":"closed","template":"","meta":{"_acf_changed":false,"inline_featured_image":false,"footnotes":""},"acf":[],"jetpack_sharing_enabled":true,"publishpress_future_action":{"enabled":false,"date":"2026-04-13 18:32:41","action":"change-status","newStatus":"draft","terms":[],"taxonomy":"translation_priority"},"publishpress_future_workflow_manual_trigger":{"enabledWorkflows":[]},"_links":{"self":[{"href":"https:\/\/www.ilc.cnr.it\/en\/wp-json\/wp\/v2\/pages\/10110"}],"collection":[{"href":"https:\/\/www.ilc.cnr.it\/en\/wp-json\/wp\/v2\/pages"}],"about":[{"href":"https:\/\/www.ilc.cnr.it\/en\/wp-json\/wp\/v2\/types\/page"}],"author":[{"embeddable":true,"href":"https:\/\/www.ilc.cnr.it\/en\/wp-json\/wp\/v2\/users\/3"}],"replies":[{"embeddable":true,"href":"https:\/\/www.ilc.cnr.it\/en\/wp-json\/wp\/v2\/comments?post=10110"}],"version-history":[{"count":103,"href":"https:\/\/www.ilc.cnr.it\/en\/wp-json\/wp\/v2\/pages\/10110\/revisions"}],"predecessor-version":[{"id":17893,"href":"https:\/\/www.ilc.cnr.it\/en\/wp-json\/wp\/v2\/pages\/10110\/revisions\/17893"}],"up":[{"embeddable":true,"href":"https:\/\/www.ilc.cnr.it\/en\/wp-json\/wp\/v2\/pages\/10370"}],"wp:featuredmedia":[{"embeddable":true,"href":"https:\/\/www.ilc.cnr.it\/en\/wp-json\/wp\/v2\/media\/10429"}],"wp:attachment":[{"href":"https:\/\/www.ilc.cnr.it\/en\/wp-json\/wp\/v2\/media?parent=10110"}],"curies":[{"name":"wp","href":"https:\/\/api.w.org\/{rel}","templated":true}]}}